{"id":6126,"date":"2017-01-12T15:43:00","date_gmt":"2017-01-12T14:43:00","guid":{"rendered":"https:\/\/www.baktat.com.tr\/?page_id=6126"},"modified":"2020-10-21T09:19:28","modified_gmt":"2020-10-21T07:19:28","slug":"unsere-firmen","status":"publish","type":"page","link":"https:\/\/www.baktat.com.tr\/de\/unternehmen\/unsere-firmen\/","title":{"rendered":"Unsere Firmen"},"content":{"rendered":"<div class=\"wpb-content-wrapper\"><div class=\"vc_row wpb_row vc_row-fluid\"><div class=\"wpb_column vc_column_container vc_col-sm-12\"><div class=\"vc_column-inner\"><div class=\"wpb_wrapper\">\n<div class=\"vc_grid-container-wrapper vc_clearfix vc_grid-animation-fadeIn\">\n\t<div class=\"vc_grid-container vc_clearfix wpb_content_element vc_basic_grid ovic_custom_5f8fe10082654 \" data-initial-loading-animation=\"fadeIn\" data-vc-grid-settings=\"{&quot;page_id&quot;:6126,&quot;style&quot;:&quot;load-more&quot;,&quot;action&quot;:&quot;vc_get_vc_grid_data&quot;,&quot;shortcode_id&quot;:&quot;1603109176027-2698a0ad-91ec-1&quot;,&quot;items_per_page&quot;:&quot;10&quot;,&quot;btn_data&quot;:{&quot;title&quot;:&quot;Mehr laden&quot;,&quot;style&quot;:&quot;flat&quot;,&quot;gradient_color_1&quot;:&quot;&quot;,&quot;gradient_color_2&quot;:&quot;&quot;,&quot;gradient_custom_color_1&quot;:&quot;&quot;,&quot;gradient_custom_color_2&quot;:&quot;&quot;,&quot;gradient_text_color&quot;:&quot;&quot;,&quot;custom_background&quot;:&quot;#ededed&quot;,&quot;custom_text&quot;:&quot;#666&quot;,&quot;outline_custom_color&quot;:&quot;#666&quot;,&quot;outline_custom_hover_background&quot;:&quot;#666&quot;,&quot;outline_custom_hover_text&quot;:&quot;#fff&quot;,&quot;shape&quot;:&quot;rounded&quot;,&quot;color&quot;:&quot;blue&quot;,&quot;size&quot;:&quot;md&quot;,&quot;align&quot;:&quot;inline&quot;,&quot;button_block&quot;:&quot;&quot;,&quot;add_icon&quot;:&quot;&quot;,&quot;i_align&quot;:&quot;left&quot;,&quot;i_type&quot;:&quot;fontawesome&quot;,&quot;i_icon_fontawesome&quot;:&quot;fas fa-adjust&quot;,&quot;i_icon_openiconic&quot;:&quot;vc-oi vc-oi-dial&quot;,&quot;i_icon_typicons&quot;:&quot;typcn typcn-adjust-brightness&quot;,&quot;i_icon_entypo&quot;:&quot;entypo-icon entypo-icon-note&quot;,&quot;i_icon_linecons&quot;:&quot;vc_li vc_li-heart&quot;,&quot;i_icon_monosocial&quot;:&quot;&quot;,&quot;i_icon_material&quot;:&quot;&quot;,&quot;i_icon_pixelicons&quot;:&quot;vc_pixel_icon vc_pixel_icon-alert&quot;,&quot;el_id&quot;:&quot;&quot;,&quot;custom_onclick&quot;:&quot;&quot;,&quot;custom_onclick_code&quot;:&quot;&quot;,&quot;ovic_custom_id&quot;:&quot;&quot;},&quot;tag&quot;:&quot;vc_basic_grid&quot;}\" data-vc-request=\"https:\/\/www.baktat.com.tr\/wp-admin\/admin-ajax.php?lang=de\" data-vc-post-id=\"6126\" data-vc-public-nonce=\"2986d5af6c\">\n\t\t<style data-type=\"vc_shortcodes-custom-css\">.vc_custom_1419240516480{background-color: #f9f9f9 !important;}<\/style><div class=\"vc_grid vc_row vc_grid-gutter-30px vc_pageable-wrapper vc_hook_hover\" data-vc-pageable-content=\"true\"><div class=\"vc_pageable-slide-wrapper vc_clearfix\" data-vc-grid-content=\"true\"><div class=\"vc_grid-item vc_clearfix vc_col-sm-6 vc_grid-item-zone-c-bottom\"><div class=\"vc_grid-item-mini vc_clearfix \"><div class=\"vc_gitem-animated-block\" ><div class=\"vc_gitem-zone vc_gitem-zone-a vc-gitem-zone-height-mode-auto vc-gitem-zone-height-mode-auto-1-1 vc_gitem-is-link\" style=\"background-image: url('https:\/\/www.baktat.com.tr\/wp-content\/uploads\/2022\/07\/turgutlu_1.jpg') !important;\"><a href=\"https:\/\/www.baktat.com.tr\/de\/firmen\/egetad-inc\/\" title=\"EGETAD INC.\" class=\"vc_gitem-link vc-zone-link\" ><\/a><img decoding=\"async\" class=\"vc_gitem-zone-img\" src=\"https:\/\/www.baktat.com.tr\/wp-content\/uploads\/2022\/07\/turgutlu_1.jpg\" alt=\"EGETAD INC.\" loading=\"lazy\"><div class=\"vc_gitem-zone-mini\"><\/div><\/div><\/div><div class=\"vc_gitem-zone vc_gitem-zone-c vc_custom_1419240516480\"><div class=\"vc_gitem-zone-mini\"><div class=\"vc_gitem_row vc_row vc_gitem-row-position-top\"><div class=\"vc_col-sm-12 vc_gitem-col vc_gitem-col-align-\"><div class=\"vc_custom_heading vc_gitem-post-data vc_gitem-post-data-source-post_title\" ><h4 style=\"text-align: left\" >EGETAD INC.<\/h4><\/div><div class=\"vc_custom_heading vc_gitem-post-data vc_gitem-post-data-source-post_excerpt\" ><p style=\"text-align: left\" ><p>Im Jahr 2006 wurde Egetad G\u0131da Sanayi ve Ticaret A.\u015e. als modernes Unternehmen mit einer Fl\u00e4che von 43.000 m2 gegr\u00fcndet, von denen 20.000 m2 geschlossen und 23.000 m2 offen in der Organisierten Industriezone\/Turgutlu Manisa liegen. Baktat Turgutlu, Gruppe Konserven, Gruppe Essiggurken, Gruppe Fertiggerichte und Gruppe Fl\u00fcssigabf\u00fcllung mit durchschnittlich 500 Mitarbeitern.<\/p>\n<\/p><\/div><div class=\"vc_btn3-container vc_btn3-left\"><a class=\"vc_general vc_btn3 vc_btn3-size-md vc_btn3-shape-rounded vc_btn3-style-flat vc_btn3-color-juicy-pink\" a href=\"https:\/\/www.baktat.com.tr\/de\/firmen\/egetad-inc\/\" class=\"vc_gitem-link vc_general vc_btn3 vc_general vc_btn3 vc_btn3-size-md vc_btn3-shape-rounded vc_btn3-style-flat vc_btn3-color-juicy-pink\" title=\"Weiterlesen\">Weiterlesen<\/a><\/div><\/div><\/div><\/div><\/div><\/div><div class=\"vc_clearfix\"><\/div><\/div><div class=\"vc_grid-item vc_clearfix vc_col-sm-6 vc_grid-item-zone-c-bottom\"><div class=\"vc_grid-item-mini vc_clearfix \"><div class=\"vc_gitem-animated-block\" ><div class=\"vc_gitem-zone vc_gitem-zone-a vc-gitem-zone-height-mode-auto vc-gitem-zone-height-mode-auto-1-1 vc_gitem-is-link\" style=\"background-image: url('https:\/\/www.baktat.com.tr\/wp-content\/uploads\/2022\/07\/buseb.png') !important;\"><a href=\"https:\/\/www.baktat.com.tr\/de\/firmen\/freihandelszone-baktat\/\" title=\"Freihandelszone BAKTAT\" class=\"vc_gitem-link vc-zone-link\" ><\/a><img decoding=\"async\" class=\"vc_gitem-zone-img\" src=\"https:\/\/www.baktat.com.tr\/wp-content\/uploads\/2022\/07\/buseb.png\" alt=\"Freihandelszone BAKTAT\" loading=\"lazy\"><div class=\"vc_gitem-zone-mini\"><\/div><\/div><\/div><div class=\"vc_gitem-zone vc_gitem-zone-c vc_custom_1419240516480\"><div class=\"vc_gitem-zone-mini\"><div class=\"vc_gitem_row vc_row vc_gitem-row-position-top\"><div class=\"vc_col-sm-12 vc_gitem-col vc_gitem-col-align-\"><div class=\"vc_custom_heading vc_gitem-post-data vc_gitem-post-data-source-post_title\" ><h4 style=\"text-align: left\" >Freihandelszone BAKTAT<\/h4><\/div><div class=\"vc_custom_heading vc_gitem-post-data vc_gitem-post-data-source-post_excerpt\" ><p style=\"text-align: left\" ><p>Die 2002 gegr\u00fcndete Niederlassung in der Freihandelszone Bursa, die auf einer geschlossenen Fl\u00e4che von 1250 m2 an der Adresse Liman Yolu Hisar mevki Gemlik t\u00e4tig ist, verpackt Produkte der Gruppe H\u00fclsenfr\u00fcchte, N\u00fcsse und Gew\u00fcrze, haupts\u00e4chlich Produkte der Getr\u00e4nkegruppe. Die im Februar 2010 begonnene Fabrikinvestition mit einer geschlossenen Fl\u00e4che von 4.500 m2 wurde im Jahr 2010 [&hellip;]<\/p>\n<\/p><\/div><div class=\"vc_btn3-container vc_btn3-left\"><a class=\"vc_general vc_btn3 vc_btn3-size-md vc_btn3-shape-rounded vc_btn3-style-flat vc_btn3-color-juicy-pink\" a href=\"https:\/\/www.baktat.com.tr\/de\/firmen\/freihandelszone-baktat\/\" class=\"vc_gitem-link vc_general vc_btn3 vc_general vc_btn3 vc_btn3-size-md vc_btn3-shape-rounded vc_btn3-style-flat vc_btn3-color-juicy-pink\" title=\"Weiterlesen\">Weiterlesen<\/a><\/div><\/div><\/div><\/div><\/div><\/div><div class=\"vc_clearfix\"><\/div><\/div><div class=\"vc_grid-item vc_clearfix vc_col-sm-6 vc_grid-item-zone-c-bottom\"><div class=\"vc_grid-item-mini vc_clearfix \"><div class=\"vc_gitem-animated-block\" ><div class=\"vc_gitem-zone vc_gitem-zone-a vc-gitem-zone-height-mode-auto vc-gitem-zone-height-mode-auto-1-1 vc_gitem-is-link\" style=\"background-image: url('https:\/\/www.baktat.com.tr\/wp-content\/uploads\/2022\/07\/baktatsungurlu.jpg') !important;\"><a href=\"https:\/\/www.baktat.com.tr\/de\/firmen\/baktat-bakliyat-a-s\/\" title=\"BAKTAT Bakliyat A.S.\" class=\"vc_gitem-link vc-zone-link\" ><\/a><img decoding=\"async\" class=\"vc_gitem-zone-img\" src=\"https:\/\/www.baktat.com.tr\/wp-content\/uploads\/2022\/07\/baktatsungurlu.jpg\" alt=\"BAKTAT Bakliyat A.S.\" loading=\"lazy\"><div class=\"vc_gitem-zone-mini\"><\/div><\/div><\/div><div class=\"vc_gitem-zone vc_gitem-zone-c vc_custom_1419240516480\"><div class=\"vc_gitem-zone-mini\"><div class=\"vc_gitem_row vc_row vc_gitem-row-position-top\"><div class=\"vc_col-sm-12 vc_gitem-col vc_gitem-col-align-\"><div class=\"vc_custom_heading vc_gitem-post-data vc_gitem-post-data-source-post_title\" ><h4 style=\"text-align: left\" >BAKTAT Bakliyat A.S.<\/h4><\/div><div class=\"vc_custom_heading vc_gitem-post-data vc_gitem-post-data-source-post_excerpt\" ><p style=\"text-align: left\" ><p>In seinen beispielhaften und modernen Anlagen an der Autobahn Ankara &#8211; Samsun, die Zentralanatolien mit dem Schwarzen Meer verbindet, und auf einer Gesamtfl\u00e4che von 70 Quadratmetern, von denen 15.000 m2 geschlossen sind, werden Lebensmittel hergestellt und internationale Transporte durchgef\u00fchrt. Mit seinem Einkaufszentrum, seinem Restaurant und seiner Tankstelle, die nach einem modernen Managementkonzept gebaut wurden, bedient [&hellip;]<\/p>\n<\/p><\/div><div class=\"vc_btn3-container vc_btn3-left\"><a class=\"vc_general vc_btn3 vc_btn3-size-md vc_btn3-shape-rounded vc_btn3-style-flat vc_btn3-color-juicy-pink\" a href=\"https:\/\/www.baktat.com.tr\/de\/firmen\/baktat-bakliyat-a-s\/\" class=\"vc_gitem-link vc_general vc_btn3 vc_general vc_btn3 vc_btn3-size-md vc_btn3-shape-rounded vc_btn3-style-flat vc_btn3-color-juicy-pink\" title=\"Weiterlesen\">Weiterlesen<\/a><\/div><\/div><\/div><\/div><\/div><\/div><div class=\"vc_clearfix\"><\/div><\/div><div class=\"vc_grid-item vc_clearfix vc_col-sm-6 vc_grid-item-zone-c-bottom\"><div class=\"vc_grid-item-mini vc_clearfix \"><div class=\"vc_gitem-animated-block\" ><div class=\"vc_gitem-zone vc_gitem-zone-a vc-gitem-zone-height-mode-auto vc-gitem-zone-height-mode-auto-1-1 vc_gitem-is-link\" style=\"background-image: url('https:\/\/www.baktat.com.tr\/wp-content\/uploads\/2022\/07\/baktatgemlik.jpg') !important;\"><a href=\"https:\/\/www.baktat.com.tr\/de\/firmen\/baktat-a-s-gemlik\/\" title=\"BAKTAT A.S. Gemlik\" class=\"vc_gitem-link vc-zone-link\" ><\/a><img decoding=\"async\" class=\"vc_gitem-zone-img\" src=\"https:\/\/www.baktat.com.tr\/wp-content\/uploads\/2022\/07\/baktatgemlik.jpg\" alt=\"BAKTAT A.S. Gemlik\" loading=\"lazy\"><div class=\"vc_gitem-zone-mini\"><\/div><\/div><\/div><div class=\"vc_gitem-zone vc_gitem-zone-c vc_custom_1419240516480\"><div class=\"vc_gitem-zone-mini\"><div class=\"vc_gitem_row vc_row vc_gitem-row-position-top\"><div class=\"vc_col-sm-12 vc_gitem-col vc_gitem-col-align-\"><div class=\"vc_custom_heading vc_gitem-post-data vc_gitem-post-data-source-post_title\" ><h4 style=\"text-align: left\" >BAKTAT A.S. Gemlik<\/h4><\/div><div class=\"vc_custom_heading vc_gitem-post-data vc_gitem-post-data-source-post_excerpt\" ><p style=\"text-align: left\" ><p>Das Werk Gemlik befindet sich auf einer Gesamtfl\u00e4che von 27.000 m2 , von denen 15.000 m2 geschlossen sind, an der Stra\u00dfe nach Istanbul im Bezirk Gemlik von Bursa. In seinen modernen integrierten Anlagen werden Lebensmittel aus frischem Gem\u00fcse und Obst hergestellt. Im Werk Gemlik sind insgesamt 400 Personen besch\u00e4ftigt, darunter 250 Festangestellte und Saisonarbeiter. In [&hellip;]<\/p>\n<\/p><\/div><div class=\"vc_btn3-container vc_btn3-left\"><a class=\"vc_general vc_btn3 vc_btn3-size-md vc_btn3-shape-rounded vc_btn3-style-flat vc_btn3-color-juicy-pink\" a href=\"https:\/\/www.baktat.com.tr\/de\/firmen\/baktat-a-s-gemlik\/\" class=\"vc_gitem-link vc_general vc_btn3 vc_general vc_btn3 vc_btn3-size-md vc_btn3-shape-rounded vc_btn3-style-flat vc_btn3-color-juicy-pink\" title=\"Weiterlesen\">Weiterlesen<\/a><\/div><\/div><\/div><\/div><\/div><\/div><div class=\"vc_clearfix\"><\/div><\/div><div class=\"vc_grid-item vc_clearfix vc_col-sm-6 vc_grid-item-zone-c-bottom\"><div class=\"vc_grid-item-mini vc_clearfix \"><div class=\"vc_gitem-animated-block\" ><div class=\"vc_gitem-zone vc_gitem-zone-a vc-gitem-zone-height-mode-auto vc-gitem-zone-height-mode-auto-1-1 vc_gitem-is-link\" style=\"background-image: url('https:\/\/www.baktat.com.tr\/wp-content\/uploads\/2018\/11\/BLG-Kardesler_Mannheim_400px.jpg') !important;\"><a href=\"https:\/\/www.baktat.com.tr\/de\/firmen\/blg-kardesler-gmbh-mannheim\/\" title=\"BLG Kardesler GmbH-Mannheim\" class=\"vc_gitem-link vc-zone-link\" ><\/a><img decoding=\"async\" class=\"vc_gitem-zone-img\" src=\"https:\/\/www.baktat.com.tr\/wp-content\/uploads\/2018\/11\/BLG-Kardesler_Mannheim_400px.jpg\" alt=\"BLG Kardesler GmbH-Mannheim\" loading=\"lazy\"><div class=\"vc_gitem-zone-mini\"><\/div><\/div><\/div><div class=\"vc_gitem-zone vc_gitem-zone-c vc_custom_1419240516480\"><div class=\"vc_gitem-zone-mini\"><div class=\"vc_gitem_row vc_row vc_gitem-row-position-top\"><div class=\"vc_col-sm-12 vc_gitem-col vc_gitem-col-align-\"><div class=\"vc_custom_heading vc_gitem-post-data vc_gitem-post-data-source-post_title\" ><h4 style=\"text-align: left\" >BLG Kardesler GmbH-Mannheim<\/h4><\/div><div class=\"vc_custom_heading vc_gitem-post-data vc_gitem-post-data-source-post_excerpt\" ><p style=\"text-align: left\" ><p>Der Hauptsitz in Europa befindet sich auf einem Gel\u00e4nde von 27.000 m\u00b2 und beinhaltet auch das europ\u00e4ische Zentrallager von 15.000 m\u00b2, davon werden 2.500 m\u00b2 als K\u00fchllager genutzt. Die Kapazit\u00e4t des Lagers ist f\u00fcr 20.000 Paletten geeignet. Mannheim ist das Verkaufszentrum in Europa.<\/p>\n<\/p><\/div><div class=\"vc_btn3-container vc_btn3-left\"><a class=\"vc_general vc_btn3 vc_btn3-size-md vc_btn3-shape-rounded vc_btn3-style-flat vc_btn3-color-juicy-pink\" a href=\"https:\/\/www.baktat.com.tr\/de\/firmen\/blg-kardesler-gmbh-mannheim\/\" class=\"vc_gitem-link vc_general vc_btn3 vc_general vc_btn3 vc_btn3-size-md vc_btn3-shape-rounded vc_btn3-style-flat vc_btn3-color-juicy-pink\" title=\"Weiterlesen\">Weiterlesen<\/a><\/div><\/div><\/div><\/div><\/div><\/div><div class=\"vc_clearfix\"><\/div><\/div><div class=\"vc_grid-item vc_clearfix vc_col-sm-6 vc_grid-item-zone-c-bottom\"><div class=\"vc_grid-item-mini vc_clearfix \"><div class=\"vc_gitem-animated-block\" ><div class=\"vc_gitem-zone vc_gitem-zone-a vc-gitem-zone-height-mode-auto vc-gitem-zone-height-mode-auto-1-1 vc_gitem-is-link\" style=\"background-image: url('https:\/\/www.baktat.com.tr\/wp-content\/uploads\/2018\/11\/BLG_Stuttgart-800x576.jpg') !important;\"><a href=\"https:\/\/www.baktat.com.tr\/de\/firmen\/blg-baklan-stuttgart\/\" title=\"BLG Baklan Stuttgart\" class=\"vc_gitem-link vc-zone-link\" ><\/a><img decoding=\"async\" class=\"vc_gitem-zone-img\" src=\"https:\/\/www.baktat.com.tr\/wp-content\/uploads\/2018\/11\/BLG_Stuttgart-800x576.jpg\" alt=\"BLG Baklan Stuttgart\" loading=\"lazy\"><div class=\"vc_gitem-zone-mini\"><\/div><\/div><\/div><div class=\"vc_gitem-zone vc_gitem-zone-c vc_custom_1419240516480\"><div class=\"vc_gitem-zone-mini\"><div class=\"vc_gitem_row vc_row vc_gitem-row-position-top\"><div class=\"vc_col-sm-12 vc_gitem-col vc_gitem-col-align-\"><div class=\"vc_custom_heading vc_gitem-post-data vc_gitem-post-data-source-post_title\" ><h4 style=\"text-align: left\" >BLG Baklan Stuttgart<\/h4><\/div><div class=\"vc_custom_heading vc_gitem-post-data vc_gitem-post-data-source-post_excerpt\" ><p style=\"text-align: left\" ><p>BLG Baklan Stuttgart Lebensmittel-Handelsgesellschaft mbH Stuttgart ist die Zentrale f\u00fcr unsere Kunden aus S\u00fcddeutschland, Frankreich und \u00d6sterreich. Mit 25 Mitarbeitern und einem Lager von 6.000m\u00b2 ist unser Unternehmen f\u00fcr unsere Kunden t\u00e4tig.<\/p>\n<\/p><\/div><div class=\"vc_btn3-container vc_btn3-left\"><a class=\"vc_general vc_btn3 vc_btn3-size-md vc_btn3-shape-rounded vc_btn3-style-flat vc_btn3-color-juicy-pink\" a href=\"https:\/\/www.baktat.com.tr\/de\/firmen\/blg-baklan-stuttgart\/\" class=\"vc_gitem-link vc_general vc_btn3 vc_general vc_btn3 vc_btn3-size-md vc_btn3-shape-rounded vc_btn3-style-flat vc_btn3-color-juicy-pink\" title=\"Weiterlesen\">Weiterlesen<\/a><\/div><\/div><\/div><\/div><\/div><\/div><div class=\"vc_clearfix\"><\/div><\/div><div class=\"vc_grid-item vc_clearfix vc_col-sm-6 vc_grid-item-zone-c-bottom\"><div class=\"vc_grid-item-mini vc_clearfix \"><div class=\"vc_gitem-animated-block\" ><div class=\"vc_gitem-zone vc_gitem-zone-a vc-gitem-zone-height-mode-auto vc-gitem-zone-height-mode-auto-1-1 vc_gitem-is-link\" style=\"background-image: url('https:\/\/www.baktat.com.tr\/wp-content\/uploads\/2018\/02\/Bak_Berlin-800x600.jpg') !important;\"><a href=\"https:\/\/www.baktat.com.tr\/de\/firmen\/bak-berlin-gmbh\/\" title=\"BAK Berlin GmbH\" class=\"vc_gitem-link vc-zone-link\" ><\/a><img decoding=\"async\" class=\"vc_gitem-zone-img\" src=\"https:\/\/www.baktat.com.tr\/wp-content\/uploads\/2018\/02\/Bak_Berlin-800x600.jpg\" alt=\"BAK Berlin GmbH\" loading=\"lazy\"><div class=\"vc_gitem-zone-mini\"><\/div><\/div><\/div><div class=\"vc_gitem-zone vc_gitem-zone-c vc_custom_1419240516480\"><div class=\"vc_gitem-zone-mini\"><div class=\"vc_gitem_row vc_row vc_gitem-row-position-top\"><div class=\"vc_col-sm-12 vc_gitem-col vc_gitem-col-align-\"><div class=\"vc_custom_heading vc_gitem-post-data vc_gitem-post-data-source-post_title\" ><h4 style=\"text-align: left\" >BAK Berlin GmbH<\/h4><\/div><div class=\"vc_custom_heading vc_gitem-post-data vc_gitem-post-data-source-post_excerpt\" ><p style=\"text-align: left\" ><p>Haupts\u00e4chlich in der Hauptstadt Berlin, Hannover und Salzgitter und ganz Ostdeutschland wird von unserem Unternehmen BAK Berlin GmbH betreut. Die europ\u00e4ischen L\u00e4nder Polen, Ungarn, Tscheschien und Slovenien sind ebenfalls in dem Auftragsgebiet von BAK Berlin.<\/p>\n<\/p><\/div><div class=\"vc_btn3-container vc_btn3-left\"><a class=\"vc_general vc_btn3 vc_btn3-size-md vc_btn3-shape-rounded vc_btn3-style-flat vc_btn3-color-juicy-pink\" a href=\"https:\/\/www.baktat.com.tr\/de\/firmen\/bak-berlin-gmbh\/\" class=\"vc_gitem-link vc_general vc_btn3 vc_general vc_btn3 vc_btn3-size-md vc_btn3-shape-rounded vc_btn3-style-flat vc_btn3-color-juicy-pink\" title=\"Weiterlesen\">Weiterlesen<\/a><\/div><\/div><\/div><\/div><\/div><\/div><div class=\"vc_clearfix\"><\/div><\/div><div class=\"vc_grid-item vc_clearfix vc_col-sm-6 vc_grid-item-zone-c-bottom\"><div class=\"vc_grid-item-mini vc_clearfix \"><div class=\"vc_gitem-animated-block\" ><div class=\"vc_gitem-zone vc_gitem-zone-a vc-gitem-zone-height-mode-auto vc-gitem-zone-height-mode-auto-1-1 vc_gitem-is-link\" style=\"background-image: url('https:\/\/www.baktat.com.tr\/wp-content\/uploads\/2018\/08\/bak-koln-1.jpg') !important;\"><a href=\"https:\/\/www.baktat.com.tr\/de\/firmen\/bak-koeln-gmbh-2\/\" title=\"BAK K\u00f6ln GmbH\" class=\"vc_gitem-link vc-zone-link\" ><\/a><img decoding=\"async\" class=\"vc_gitem-zone-img\" src=\"https:\/\/www.baktat.com.tr\/wp-content\/uploads\/2018\/08\/bak-koln-1.jpg\" alt=\"BAK K\u00f6ln GmbH\" loading=\"lazy\"><div class=\"vc_gitem-zone-mini\"><\/div><\/div><\/div><div class=\"vc_gitem-zone vc_gitem-zone-c vc_custom_1419240516480\"><div class=\"vc_gitem-zone-mini\"><div class=\"vc_gitem_row vc_row vc_gitem-row-position-top\"><div class=\"vc_col-sm-12 vc_gitem-col vc_gitem-col-align-\"><div class=\"vc_custom_heading vc_gitem-post-data vc_gitem-post-data-source-post_title\" ><h4 style=\"text-align: left\" >BAK K\u00f6ln GmbH<\/h4><\/div><div class=\"vc_custom_heading vc_gitem-post-data vc_gitem-post-data-source-post_excerpt\" ><p style=\"text-align: left\" ><p>Unser Unternehmen BAK K\u00f6ln GmbH ist mit der Zentrale in Neuss f\u00fcr die gesamte Nordrhein-Westfalen zust\u00e4ndig. Mit einer Lagerfl\u00e4che von 2.500 m\u00b2 bieten wir unseren Kunden wie in anderen Regionen eine breite Produktpalette. Betriebsleitung: G\u00fcner Koparan-Baklan<\/p>\n<\/p><\/div><div class=\"vc_btn3-container vc_btn3-left\"><a class=\"vc_general vc_btn3 vc_btn3-size-md vc_btn3-shape-rounded vc_btn3-style-flat vc_btn3-color-juicy-pink\" a href=\"https:\/\/www.baktat.com.tr\/de\/firmen\/bak-koeln-gmbh-2\/\" class=\"vc_gitem-link vc_general vc_btn3 vc_general vc_btn3 vc_btn3-size-md vc_btn3-shape-rounded vc_btn3-style-flat vc_btn3-color-juicy-pink\" title=\"Weiterlesen\">Weiterlesen<\/a><\/div><\/div><\/div><\/div><\/div><\/div><div class=\"vc_clearfix\"><\/div><\/div><div class=\"vc_grid-item vc_clearfix vc_col-sm-6 vc_grid-item-zone-c-bottom\"><div class=\"vc_grid-item-mini vc_clearfix \"><div class=\"vc_gitem-animated-block\" ><div class=\"vc_gitem-zone vc_gitem-zone-a vc-gitem-zone-height-mode-auto vc-gitem-zone-height-mode-auto-1-1 vc_gitem-is-link\" style=\"background-image: url('https:\/\/www.baktat.com.tr\/wp-content\/uploads\/2018\/11\/BAK-Frisch_Aussen_2019_klein.jpg') !important;\"><a href=\"https:\/\/www.baktat.com.tr\/de\/firmen\/bak-frisch-kehl\/\" title=\"BAK Frisch Kehl\" class=\"vc_gitem-link vc-zone-link\" ><\/a><img decoding=\"async\" class=\"vc_gitem-zone-img\" src=\"https:\/\/www.baktat.com.tr\/wp-content\/uploads\/2018\/11\/BAK-Frisch_Aussen_2019_klein.jpg\" alt=\"BAK Frisch Kehl\" loading=\"lazy\"><div class=\"vc_gitem-zone-mini\"><\/div><\/div><\/div><div class=\"vc_gitem-zone vc_gitem-zone-c vc_custom_1419240516480\"><div class=\"vc_gitem-zone-mini\"><div class=\"vc_gitem_row vc_row vc_gitem-row-position-top\"><div class=\"vc_col-sm-12 vc_gitem-col vc_gitem-col-align-\"><div class=\"vc_custom_heading vc_gitem-post-data vc_gitem-post-data-source-post_title\" ><h4 style=\"text-align: left\" >BAK Frisch Kehl<\/h4><\/div><div class=\"vc_custom_heading vc_gitem-post-data vc_gitem-post-data-source-post_excerpt\" ><p style=\"text-align: left\" ><p>Unser Unternehmen BAK Frisch GmbH ist auf Fleisch- und Molkeprodukte spezialisiert. Die Produktion und der Vertrieb werden \u00fcber unsere Zentrale in Kehl abgewickelt. Die Auslieferung der Produkte erfolgt mit der Zusammenarbeit der Firma Nagel. Die Firma Nagel ist mit ihrem modernen Logistiksystem bis zur Zustellung der Produkte verantwortlich. Die Zentrale in Kehl ist f\u00fcr unsere [&hellip;]<\/p>\n<\/p><\/div><div class=\"vc_btn3-container vc_btn3-left\"><a class=\"vc_general vc_btn3 vc_btn3-size-md vc_btn3-shape-rounded vc_btn3-style-flat vc_btn3-color-juicy-pink\" a href=\"https:\/\/www.baktat.com.tr\/de\/firmen\/bak-frisch-kehl\/\" class=\"vc_gitem-link vc_general vc_btn3 vc_general vc_btn3 vc_btn3-size-md vc_btn3-shape-rounded vc_btn3-style-flat vc_btn3-color-juicy-pink\" title=\"Weiterlesen\">Weiterlesen<\/a><\/div><\/div><\/div><\/div><\/div><\/div><div class=\"vc_clearfix\"><\/div><\/div><div class=\"vc_grid-item vc_clearfix vc_col-sm-6 vc_grid-item-zone-c-bottom\"><div class=\"vc_grid-item-mini vc_clearfix \"><div class=\"vc_gitem-animated-block\" ><div class=\"vc_gitem-zone vc_gitem-zone-a vc-gitem-zone-height-mode-auto vc-gitem-zone-height-mode-auto-1-1 vc_gitem-is-link\" style=\"background-image: url('https:\/\/www.baktat.com.tr\/wp-content\/uploads\/2018\/11\/BAK-Mannheim_Grossmarkt_Aussen_400px.jpg') !important;\"><a href=\"https:\/\/www.baktat.com.tr\/de\/firmen\/bak-mannheim\/\" title=\"BAK Mannheim\" class=\"vc_gitem-link vc-zone-link\" ><\/a><img decoding=\"async\" class=\"vc_gitem-zone-img\" src=\"https:\/\/www.baktat.com.tr\/wp-content\/uploads\/2018\/11\/BAK-Mannheim_Grossmarkt_Aussen_400px.jpg\" alt=\"BAK Mannheim\" loading=\"lazy\"><div class=\"vc_gitem-zone-mini\"><\/div><\/div><\/div><div class=\"vc_gitem-zone vc_gitem-zone-c vc_custom_1419240516480\"><div class=\"vc_gitem-zone-mini\"><div class=\"vc_gitem_row vc_row vc_gitem-row-position-top\"><div class=\"vc_col-sm-12 vc_gitem-col vc_gitem-col-align-\"><div class=\"vc_custom_heading vc_gitem-post-data vc_gitem-post-data-source-post_title\" ><h4 style=\"text-align: left\" >BAK Mannheim<\/h4><\/div><div class=\"vc_custom_heading vc_gitem-post-data vc_gitem-post-data-source-post_excerpt\" ><p style=\"text-align: left\" ><p>BAK Mannheim-Grossmarkt GmbH Unsere Filiale im Mannheimer Gro\u00dfmarkt wird seit August 2015 als \u201eBAK Mannheim Grossmarkt GmbH\u201c in unserer Unternehmens Gruppe weitergef\u00fchrt. Unser Unternehmen bietet neben Fleisch- und Molkeprodukten Obst und Gem\u00fcse an. Diese werden aus der T\u00fcrkei und diversen europ\u00e4ischen L\u00e4nder importiert,<\/p>\n<\/p><\/div><div class=\"vc_btn3-container vc_btn3-left\"><a class=\"vc_general vc_btn3 vc_btn3-size-md vc_btn3-shape-rounded vc_btn3-style-flat vc_btn3-color-juicy-pink\" a href=\"https:\/\/www.baktat.com.tr\/de\/firmen\/bak-mannheim\/\" class=\"vc_gitem-link vc_general vc_btn3 vc_general vc_btn3 vc_btn3-size-md vc_btn3-shape-rounded vc_btn3-style-flat vc_btn3-color-juicy-pink\" title=\"Weiterlesen\">Weiterlesen<\/a><\/div><\/div><\/div><\/div><\/div><\/div><div class=\"vc_clearfix\"><\/div><\/div><\/div><div class=\"vc_pageable-load-more-btn\" data-vc-grid-load-more-btn=\"true\"><div class=\"vc_btn3-container vc_grid-btn-load_more vc_btn3-inline vc_grid-btn-load_more\"><a href=\"javascript:;\" class=\"vc_general vc_btn3 vc_btn3-size-md vc_btn3-shape-rounded vc_btn3-style-flat vc_btn3-color-blue vc_grid-btn-load_more\"  title=\"Mehr laden\">Mehr laden<\/a><\/div><\/div><\/div>\n\t<\/div>\n<\/div><\/div><\/div><\/div><\/div>\n<\/div>","protected":false},"excerpt":{"rendered":"EGETAD INC.Im Jahr 2006 wurde Egetad G\u0131da Sanayi ve Ticaret A.\u015e. als modernes Unternehmen mit einer Fl\u00e4che von 43.000 m2 gegr\u00fcndet, von denen 20.000 m2 geschlossen und 23.000 m2 offen in der Organisierten Industriezone\/Turgutlu Manisa liegen. Baktat Turgutlu, Gruppe Konserven, Gruppe Essiggurken, Gruppe Fertiggerichte und Gruppe Fl\u00fcssigabf\u00fcllung mit durchschnittlich 500 Mitarbeitern. WeiterlesenFreihandelszone BAKTATDie 2002 gegr\u00fcndete [...]","protected":false},"author":1,"featured_media":0,"parent":6117,"menu_order":0,"comment_status":"closed","ping_status":"closed","template":"","meta":{"footnotes":""},"class_list":["post-6126","page","type-page","status-publish","hentry"],"_links":{"self":[{"href":"https:\/\/www.baktat.com.tr\/de\/wp-json\/wp\/v2\/pages\/6126","targetHints":{"allow":["GET"]}}],"collection":[{"href":"https:\/\/www.baktat.com.tr\/de\/wp-json\/wp\/v2\/pages"}],"about":[{"href":"https:\/\/www.baktat.com.tr\/de\/wp-json\/wp\/v2\/types\/page"}],"author":[{"embeddable":true,"href":"https:\/\/www.baktat.com.tr\/de\/wp-json\/wp\/v2\/users\/1"}],"replies":[{"embeddable":true,"href":"https:\/\/www.baktat.com.tr\/de\/wp-json\/wp\/v2\/comments?post=6126"}],"version-history":[{"count":0,"href":"https:\/\/www.baktat.com.tr\/de\/wp-json\/wp\/v2\/pages\/6126\/revisions"}],"up":[{"embeddable":true,"href":"https:\/\/www.baktat.com.tr\/de\/wp-json\/wp\/v2\/pages\/6117"}],"wp:attachment":[{"href":"https:\/\/www.baktat.com.tr\/de\/wp-json\/wp\/v2\/media?parent=6126"}],"curies":[{"name":"wp","href":"https:\/\/api.w.org\/{rel}","templated":true}]}}