{"id":97498,"date":"2017-12-28T00:00:00","date_gmt":"2017-12-27T23:00:00","guid":{"rendered":"https:\/\/www.baktat.com.tr\/produkte\/weisse-bohnen-425ml-dose\/"},"modified":"2019-12-03T23:09:00","modified_gmt":"2019-12-03T22:09:00","slug":"weisse-bohnen-425ml-dose","status":"publish","type":"product","link":"https:\/\/www.baktat.com.tr\/de\/produkte\/weisse-bohnen-425ml-dose\/","title":{"rendered":"Wei\u00dfe Bohnen 425ml Dose"},"content":{"rendered":"<p>Wei\u00dfe Bohnen, Wasser, Salz, Antioxidationsmittel: Ascorbins\u00e4ure.<\/p>\n","protected":false},"excerpt":{"rendered":"<p>\u00a0<\/p>\n","protected":false},"featured_media":104765,"template":"","meta":[],"product_cat":[232,170],"product_tag":[],"class_list":{"0":"post-97498","1":"product","2":"type-product","3":"status-publish","4":"has-post-thumbnail","6":"product_cat-alle-kategorien","7":"product_cat-s32-konserven","9":"first","10":"instock","11":"product-type-simple"},"_links":{"self":[{"href":"https:\/\/www.baktat.com.tr\/de\/wp-json\/wp\/v2\/product\/97498","targetHints":{"allow":["GET"]}}],"collection":[{"href":"https:\/\/www.baktat.com.tr\/de\/wp-json\/wp\/v2\/product"}],"about":[{"href":"https:\/\/www.baktat.com.tr\/de\/wp-json\/wp\/v2\/types\/product"}],"wp:featuredmedia":[{"embeddable":true,"href":"https:\/\/www.baktat.com.tr\/de\/wp-json\/wp\/v2\/media\/104765"}],"wp:attachment":[{"href":"https:\/\/www.baktat.com.tr\/de\/wp-json\/wp\/v2\/media?parent=97498"}],"wp:term":[{"taxonomy":"product_cat","embeddable":true,"href":"https:\/\/www.baktat.com.tr\/de\/wp-json\/wp\/v2\/product_cat?post=97498"},{"taxonomy":"product_tag","embeddable":true,"href":"https:\/\/www.baktat.com.tr\/de\/wp-json\/wp\/v2\/product_tag?post=97498"}],"curies":[{"name":"wp","href":"https:\/\/api.w.org\/{rel}","templated":true}]}}