{"id":98930,"date":"2018-10-22T00:00:00","date_gmt":"2018-10-21T22:00:00","guid":{"rendered":"https:\/\/www.baktat.com.tr\/produkte\/suntat-gruene-oliven-gegrillt-marinert-750g-gl\/"},"modified":"2019-12-03T23:15:16","modified_gmt":"2019-12-03T22:15:16","slug":"suntat-gruene-oliven-gegrillt-marinert-750g-gl","status":"publish","type":"product","link":"https:\/\/www.baktat.com.tr\/de\/produkte\/suntat-gruene-oliven-gegrillt-marinert-750g-gl\/","title":{"rendered":"SUNTAT Gr\u00fcne Oliven gegrillt, marinert 750g Gl"},"content":{"rendered":"<p>Gr\u00fcne Oliven (60%), Maiskeim\u00f6l, Speisesalz, Gew\u00fcrzte S\u00e4urungsmittel: Citronens\u00e4ure.<br \/>\n\u00a0<br \/>\nK\u00fchl u nd trocken lagern<\/p>\n","protected":false},"excerpt":{"rendered":"<p>\u00a0<\/p>\n","protected":false},"featured_media":105836,"template":"","meta":[],"product_cat":[232,155,237],"product_tag":[],"class_list":{"0":"post-98930","1":"product","2":"type-product","3":"status-publish","4":"has-post-thumbnail","6":"product_cat-alle-kategorien","7":"product_cat-s12-oliven","8":"product_cat-s82-neu-im-sortiment","10":"first","11":"instock","12":"featured","13":"product-type-simple"},"_links":{"self":[{"href":"https:\/\/www.baktat.com.tr\/de\/wp-json\/wp\/v2\/product\/98930","targetHints":{"allow":["GET"]}}],"collection":[{"href":"https:\/\/www.baktat.com.tr\/de\/wp-json\/wp\/v2\/product"}],"about":[{"href":"https:\/\/www.baktat.com.tr\/de\/wp-json\/wp\/v2\/types\/product"}],"wp:featuredmedia":[{"embeddable":true,"href":"https:\/\/www.baktat.com.tr\/de\/wp-json\/wp\/v2\/media\/105836"}],"wp:attachment":[{"href":"https:\/\/www.baktat.com.tr\/de\/wp-json\/wp\/v2\/media?parent=98930"}],"wp:term":[{"taxonomy":"product_cat","embeddable":true,"href":"https:\/\/www.baktat.com.tr\/de\/wp-json\/wp\/v2\/product_cat?post=98930"},{"taxonomy":"product_tag","embeddable":true,"href":"https:\/\/www.baktat.com.tr\/de\/wp-json\/wp\/v2\/product_tag?post=98930"}],"curies":[{"name":"wp","href":"https:\/\/api.w.org\/{rel}","templated":true}]}}